{"id":26,"date":"2023-05-31T14:51:29","date_gmt":"2023-05-31T12:51:29","guid":{"rendered":"https:\/\/cafe-oldsplendor.at\/?page_id=26"},"modified":"2023-05-31T15:27:20","modified_gmt":"2023-05-31T13:27:20","slug":"infos","status":"publish","type":"page","link":"https:\/\/cafe-oldsplendor.at\/index.php\/infos\/","title":{"rendered":"Infos"},"content":{"rendered":"\n<p>Das kleine Stadt-Cafe im Jugendstil wird seit 1987 von Christian Bayer gef\u00fchrt.<\/p>\n\n\n\n<p>Hier kannst Du in Ruhe Deinen Kaffee trinken, Dir ein Seiderl Bier g\u00f6nnen oder die hervorragenden Weine und hochwertigen Spirituosen genie\u00dfen.<\/p>\n\n\n\n<p>F\u00fcr den kleinen Hunger ist ebenfalls gesorgt.<\/p>\n\n\n\n<p>Von April bis September kannst Du den sch\u00f6nen, modernen <strong>Schanigarten<\/strong> genie\u00dfen. Hier l\u00e4sst sich auch gem\u00fctlich ein lauer Sommerabend in netter Gesellschaft verbringen.<\/p>\n\n\n\n<p>Zudem kannst Du im Lokal auf unserem <strong>Gro\u00dfbildfernseher<\/strong> bei sportlichen Life-\u00dcbertragungen mitfiebern.<\/p>\n\n\n\n<p>Der Wirt ist bekannt daf\u00fcr einen angenehmen Mix an guter <strong>Musik<\/strong> aufzulegen. Von aktuellen Hits, \u00fcber Evergreens, bis hin zu Oldies h\u00f6rst Du hier nur das Beste.<\/p>\n\n\n\n<p>Das <em>Old Splendor<\/em> verspr\u00fcht ein eigenes Flair und wird von den Stammg\u00e4sten auch liebevoll \u201eWohnzimmer\u201c genannt.&nbsp; Was nicht zuletzt auf die freundschaftliche Atmosph\u00e4re im Lokal schlie\u00dfen l\u00e4sst.<\/p>\n\n\n\n<p>Komm doch vorbei &#8211;&nbsp;im <em>Old Splendor<\/em> bist Du ein gern gesehener Gast.<\/p>\n\n\n\n<figure class=\"wp-block-gallery has-nested-images columns-default is-cropped wp-block-gallery-1 is-layout-flex\">\n<figure class=\"wp-block-image size-large\"><img decoding=\"async\" loading=\"lazy\" width=\"150\" height=\"150\" data-id=\"70\"  src=\"https:\/\/cafe-oldsplendor.at\/wp-content\/uploads\/2023\/05\/cafe-oldsplendor01-150x150-1.jpg\" alt=\"\" class=\"wp-image-70\"\/><\/figure>\n\n\n\n<figure class=\"wp-block-image size-large\"><img decoding=\"async\" loading=\"lazy\" width=\"300\" height=\"199\" data-id=\"71\"  src=\"https:\/\/cafe-oldsplendor.at\/wp-content\/uploads\/2023\/05\/cafe-oldsplendor03-300x199-2.jpg\" alt=\"\" class=\"wp-image-71\"\/><\/figure>\n<\/figure>\n","protected":false},"excerpt":{"rendered":"<p>Das kleine Stadt-Cafe im Jugendstil wird seit 1987 von Christian Bayer gef\u00fchrt. Hier kannst Du in Ruhe Deinen Kaffee trinken, Dir ein Seiderl Bier g\u00f6nnen oder die hervorragenden Weine und &#8230;<\/p>\n","protected":false},"author":1,"featured_media":0,"parent":0,"menu_order":0,"comment_status":"closed","ping_status":"closed","template":"","meta":[],"_links":{"self":[{"href":"https:\/\/cafe-oldsplendor.at\/index.php\/wp-json\/wp\/v2\/pages\/26"}],"collection":[{"href":"https:\/\/cafe-oldsplendor.at\/index.php\/wp-json\/wp\/v2\/pages"}],"about":[{"href":"https:\/\/cafe-oldsplendor.at\/index.php\/wp-json\/wp\/v2\/types\/page"}],"author":[{"embeddable":true,"href":"https:\/\/cafe-oldsplendor.at\/index.php\/wp-json\/wp\/v2\/users\/1"}],"replies":[{"embeddable":true,"href":"https:\/\/cafe-oldsplendor.at\/index.php\/wp-json\/wp\/v2\/comments?post=26"}],"version-history":[{"count":2,"href":"https:\/\/cafe-oldsplendor.at\/index.php\/wp-json\/wp\/v2\/pages\/26\/revisions"}],"predecessor-version":[{"id":72,"href":"https:\/\/cafe-oldsplendor.at\/index.php\/wp-json\/wp\/v2\/pages\/26\/revisions\/72"}],"wp:attachment":[{"href":"https:\/\/cafe-oldsplendor.at\/index.php\/wp-json\/wp\/v2\/media?parent=26"}],"curies":[{"name":"wp","href":"https:\/\/api.w.org\/{rel}","templated":true}]}}